{"id":242,"date":"2025-10-18T17:57:00","date_gmt":"2025-10-18T17:57:00","guid":{"rendered":"https:\/\/sarahevawalk.com\/?page_id=242"},"modified":"2026-01-12T22:50:31","modified_gmt":"2026-01-12T21:50:31","slug":"about","status":"publish","type":"page","link":"https:\/\/sarahevawalk.com\/de\/about\/","title":{"rendered":"\u00dcber"},"content":{"rendered":"<div data-elementor-type=\"wp-page\" data-elementor-id=\"242\" class=\"elementor elementor-242\">\n\t\t\t\t<div class=\"elementor-element elementor-element-6465765 e-flex e-con-boxed e-con e-parent\" data-id=\"6465765\" data-element_type=\"container\" data-e-type=\"container\">\n\t\t\t\t\t<div class=\"e-con-inner\">\n\t\t<div class=\"elementor-element elementor-element-48dd6fe e-con-full e-flex e-con e-child\" data-id=\"48dd6fe\" data-element_type=\"container\" data-e-type=\"container\">\n\t\t\t\t<div class=\"elementor-element elementor-element-b668e94 elementor-widget elementor-widget-image\" data-id=\"b668e94\" data-element_type=\"widget\" data-e-type=\"widget\" data-widget_type=\"image.default\">\n\t\t\t\t<div class=\"elementor-widget-container\">\n\t\t\t\t\t\t\t\t\t\t\t\t\t\t\t<picture><source type=\"image\/avif\" srcset=\"https:\/\/sarahevawalk.com\/wp-content\/uploads\/2025\/03\/Sarah-28-scaled-768x1152.avif 768w, https:\/\/sarahevawalk.com\/wp-content\/uploads\/2025\/03\/Sarah-28-scaled-200x300.avif 200w, https:\/\/sarahevawalk.com\/wp-content\/uploads\/2025\/03\/Sarah-28-scaled-683x1024.avif 683w, https:\/\/sarahevawalk.com\/wp-content\/uploads\/2025\/03\/Sarah-28-scaled-1024x1536.avif 1024w, https:\/\/sarahevawalk.com\/wp-content\/uploads\/2025\/03\/Sarah-28-scaled-1366x2048.avif 1366w, https:\/\/sarahevawalk.com\/wp-content\/uploads\/2025\/03\/Sarah-28-scaled-8x12.avif 8w, https:\/\/sarahevawalk.com\/wp-content\/uploads\/2025\/03\/Sarah-28-scaled.avif 1707w\" sizes=\"(max-width: 768px) 100vw, 768px\"><\/source><source type=\"image\/webp\" srcset=\"https:\/\/sarahevawalk.com\/wp-content\/uploads\/2025\/03\/Sarah-28-scaled-768x1152.webp 768w, https:\/\/sarahevawalk.com\/wp-content\/uploads\/2025\/03\/Sarah-28-scaled-200x300.webp 200w, https:\/\/sarahevawalk.com\/wp-content\/uploads\/2025\/03\/Sarah-28-scaled-683x1024.webp 683w, https:\/\/sarahevawalk.com\/wp-content\/uploads\/2025\/03\/Sarah-28-scaled-1024x1536.webp 1024w, https:\/\/sarahevawalk.com\/wp-content\/uploads\/2025\/03\/Sarah-28-scaled-1366x2048.webp 1366w, https:\/\/sarahevawalk.com\/wp-content\/uploads\/2025\/03\/Sarah-28-scaled-8x12.webp 8w, https:\/\/sarahevawalk.com\/wp-content\/uploads\/2025\/03\/Sarah-28-scaled.webp 1707w\" sizes=\"(max-width: 768px) 100vw, 768px\"><\/source><img loading=\"lazy\" decoding=\"async\" width=\"768\" height=\"1152\" src=\"https:\/\/sarahevawalk.com\/wp-content\/uploads\/2025\/03\/Sarah-28-scaled-768x1152.jpg\" class=\"attachment-medium_large size-medium_large wp-image-137 blur-up-image-optimizer\" alt=\"\" srcset=\"https:\/\/sarahevawalk.com\/wp-content\/uploads\/2025\/03\/Sarah-28-scaled-768x1152.jpg 768w, https:\/\/sarahevawalk.com\/wp-content\/uploads\/2025\/03\/Sarah-28-scaled-200x300.jpg 200w, https:\/\/sarahevawalk.com\/wp-content\/uploads\/2025\/03\/Sarah-28-scaled-683x1024.jpg 683w, https:\/\/sarahevawalk.com\/wp-content\/uploads\/2025\/03\/Sarah-28-scaled-1024x1536.jpg 1024w, https:\/\/sarahevawalk.com\/wp-content\/uploads\/2025\/03\/Sarah-28-scaled-1366x2048.jpg 1366w, https:\/\/sarahevawalk.com\/wp-content\/uploads\/2025\/03\/Sarah-28-scaled-8x12.jpg 8w, https:\/\/sarahevawalk.com\/wp-content\/uploads\/2025\/03\/Sarah-28-scaled.jpg 1707w\" sizes=\"auto, (max-width: 768px) 100vw, 768px\" data-blurhash=\"^LNTqA_4_4_3%NtR~qt7M{R*t7t6S5tRV@jFM_juWBM_t7%gofRjRPt7WWNGt8t7M{xut7RioLa{WXM{aexus:kB-poeWAbINFaeRjj[j[fkj[jt\" data-aspect-ratio=\"0.66\" data-blur-filter=\"0\" data-needs-blur-wrapper=\"true\"><\/picture>\t\t\t\t\t\t\t\t\t\t\t\t\t\t\t<\/div>\n\t\t\t\t<\/div>\n\t\t\t\t<\/div>\n\t\t<div class=\"elementor-element elementor-element-858eff5 e-con-full e-flex e-con e-child\" data-id=\"858eff5\" data-element_type=\"container\" data-e-type=\"container\">\n\t\t\t\t<div class=\"elementor-element elementor-element-35e4af5 elementor-widget elementor-widget-text-editor\" data-id=\"35e4af5\" data-element_type=\"widget\" data-e-type=\"widget\" data-widget_type=\"text-editor.default\">\n\t\t\t\t<div class=\"elementor-widget-container\">\n\t\t\t\t\t\t\t\t\t<p>Sarah Eva Walk (geb. 1999) ist eine abstrakte Malerin aus Karlsruhe.<\/p><p>Ihre k\u00fcnstlerische Praxis zeichnet sich durch eine sowohl analytische als auch experimentelle Auseinandersetzung mit Farbe und Komposition aus, wobei der Prozess selbst zu einem wichtigen Medium wird. Walk's Arbeiten beginnen mit der Beobachtung von Musik, Farbdialogen und Komposition sowie der Konvergenz von Erinnerungen und physischem Raum. Daraus entstehen Leinw\u00e4nde, die durch einen reaktiven Schichtungsprozess weiterentwickelt werden.<\/p><p>Walk's Arbeit zielt darauf ab, mehr als nur visuelle Reize zu bieten; sie m\u00f6chte R\u00e4ume zum Nachdenken schaffen, die zu einer ehrlichen pers\u00f6nlichen Auseinandersetzung einladen.<\/p><div>&nbsp;<\/div>\t\t\t\t\t\t\t\t<\/div>\n\t\t\t\t<\/div>\n\t\t\t\t<\/div>\n\t\t\t\t\t<\/div>\n\t\t\t\t<\/div>\n\t\t<div class=\"elementor-element elementor-element-72fd3d9 e-flex e-con-boxed e-con e-parent\" data-id=\"72fd3d9\" data-element_type=\"container\" data-e-type=\"container\">\n\t\t\t\t\t<div class=\"e-con-inner\">\n\t\t\t\t<div class=\"elementor-element elementor-element-26fb073 elementor-widget elementor-widget-text-editor\" data-id=\"26fb073\" data-element_type=\"widget\" data-e-type=\"widget\" data-widget_type=\"text-editor.default\">\n\t\t\t\t<div class=\"elementor-widget-container\">\n\t\t\t\t\t\t\t\t\t<p>SARAH EVA WALK CV<\/p><p>1999, Geboren in Gie\u00dfen, Deutschland<br>Lebt und arbeitet in Karlsruhe, Deutschland<\/p><p>SOLO EXHIBITIONS<br>2026, Farbdialog, Ausstellung zur Master Arbeit (KA, DE)<br>2024, Malerische Begegnung, Ausstellung zur Bachelor Arbeit (KA, DE)<br>2023, Majolika x PH Karlsruhe (KA, DE)<\/p><p>GROUP EXHIBITIONS<br>2025, Semester Opening,&nbsp;<span style=\"text-wrap-mode: initial; letter-spacing: -0.1px;\">PH Karlsruhe (KA, DE)<br><\/span>2024, Semester Closing,&nbsp;<span style=\"letter-spacing: -0.1px;\">Majolika x&nbsp;<\/span><span style=\"text-wrap-mode: initial; letter-spacing: -0.1px;\">PH Karlsruhe (KA, DE)<br><\/span>2023, Semester Opening,&nbsp;<span style=\"letter-spacing: -0.1px;\">Majolika x&nbsp;<\/span><span style=\"text-wrap-mode: initial; letter-spacing: -0.1px;\">PH Karlsruhe (KA, DE)<br><\/span>2022, Semester Closing,&nbsp;<span style=\"letter-spacing: -0.1px;\">Majolika x&nbsp;<\/span><span style=\"text-wrap-mode: initial; letter-spacing: -0.1px;\">PH Karlsruhe (KA, DE)<\/span><\/p><p>EDUCATION<br><span style=\"letter-spacing: -0.1px;\">2020&ndash;2025,&nbsp;<\/span>Studiert Kunst und Ev. Theologie an der PH Karlsruhe<\/p><div>&nbsp;<\/div><p>&nbsp;<\/p><div>&nbsp;<\/div><p>&nbsp;<\/p>\t\t\t\t\t\t\t\t<\/div>\n\t\t\t\t<\/div>\n\t\t\t\t\t<\/div>\n\t\t\t\t<\/div>\n\t\t\t\t<\/div><script>if(typeof window.blurUpInitWrappers===\"function\"){window.blurUpInitWrappers();}<\/script>\n<script>if(typeof window.blurUpInitWrappers===\"function\"){window.blurUpInitWrappers();}<\/script>","protected":false},"excerpt":{"rendered":"<p>Sarah Eva Walk (b. 1999) is an abstract painter based in Karlsruhe, Germany.Her artistic practice is characterized by a both analytical and experimental engagement with Color and Composition, where the process itself becomes a vital medium. Walk&rsquo;s works begin with the observation of music, color dialogues, and composition, as well the convergence of memories and [&hellip;]<\/p>\n","protected":false},"author":1,"featured_media":0,"parent":0,"menu_order":0,"comment_status":"closed","ping_status":"closed","template":"","meta":{"_acf_changed":false,"iawp_total_views":146,"footnotes":""},"class_list":["post-242","page","type-page","status-publish","hentry"],"acf":[],"_links":{"self":[{"href":"https:\/\/sarahevawalk.com\/de\/wp-json\/wp\/v2\/pages\/242","targetHints":{"allow":["GET"]}}],"collection":[{"href":"https:\/\/sarahevawalk.com\/de\/wp-json\/wp\/v2\/pages"}],"about":[{"href":"https:\/\/sarahevawalk.com\/de\/wp-json\/wp\/v2\/types\/page"}],"author":[{"embeddable":true,"href":"https:\/\/sarahevawalk.com\/de\/wp-json\/wp\/v2\/users\/1"}],"replies":[{"embeddable":true,"href":"https:\/\/sarahevawalk.com\/de\/wp-json\/wp\/v2\/comments?post=242"}],"version-history":[{"count":40,"href":"https:\/\/sarahevawalk.com\/de\/wp-json\/wp\/v2\/pages\/242\/revisions"}],"predecessor-version":[{"id":853,"href":"https:\/\/sarahevawalk.com\/de\/wp-json\/wp\/v2\/pages\/242\/revisions\/853"}],"wp:attachment":[{"href":"https:\/\/sarahevawalk.com\/de\/wp-json\/wp\/v2\/media?parent=242"}],"curies":[{"name":"wp","href":"https:\/\/api.w.org\/{rel}","templated":true}]}}