{"id":3,"date":"2025-03-19T11:53:53","date_gmt":"2025-03-19T11:53:53","guid":{"rendered":"http:\/\/sarahevawalk.com\/?page_id=3"},"modified":"2025-10-26T20:20:49","modified_gmt":"2025-10-26T19:20:49","slug":"privacy-policy","status":"publish","type":"page","link":"https:\/\/sarahevawalk.com\/de\/privacy-policy\/","title":{"rendered":"Datenschutzerkl\u00e4rung"},"content":{"rendered":"<div data-elementor-type=\"wp-page\" data-elementor-id=\"3\" class=\"elementor elementor-3\">\n\t\t\t\t<div class=\"elementor-element elementor-element-50539fd3 mwidth e-flex e-con-boxed e-con e-parent\" data-id=\"50539fd3\" data-element_type=\"container\" data-e-type=\"container\" data-no-translation=\"\">\n\t\t\t\t\t<div class=\"e-con-inner\">\n\t\t\t\t<div class=\"elementor-element elementor-element-28e6804 elementor-widget elementor-widget-heading\" data-id=\"28e6804\" data-element_type=\"widget\" data-e-type=\"widget\" data-widget_type=\"heading.default\">\n\t\t\t\t<div class=\"elementor-widget-container\">\n\t\t\t\t\t<h2 class=\"elementor-heading-title elementor-size-default\">Datenschutzerkl\u00e4rung<\/h2>\t\t\t\t<\/div>\n\t\t\t\t<\/div>\n\t\t\t\t<div class=\"elementor-element elementor-element-74b06f1c elementor-widget elementor-widget-text-editor\" data-id=\"74b06f1c\" data-element_type=\"widget\" data-e-type=\"widget\" data-widget_type=\"text-editor.default\">\n\t\t\t\t<div class=\"elementor-widget-container\">\n\t\t\t\t\t\t\t\t\t<h3 data-start=\"548\" data-end=\"579\">1. Verantwortliche Stelle<\/h3><p data-start=\"580\" data-end=\"695\">Verantwortlich f\u00fcr die Datenverarbeitung auf dieser Website im Sinne der Datenschutz-Grundverordnung (DSGVO) ist:<\/p><p data-start=\"697\" data-end=\"821\"><strong data-start=\"697\" data-end=\"715\">Sarah Eva Walk<\/strong><br data-start=\"715\" data-end=\"718\" \/>Ruschgraben 36, 76139 Karlsruhe<br \/><span style=\"text-wrap-mode: initial; letter-spacing: -0.1px;\">E-Mail: info@sarahevawalk.com<\/span><\/p><hr data-start=\"823\" data-end=\"826\" \/><h3 data-start=\"828\" data-end=\"870\">2. Allgemeines zur Datenverarbeitung<\/h3><p data-start=\"871\" data-end=\"1038\">Wir nehmen den Schutz Ihrer personenbezogenen Daten sehr ernst. Personenbezogene Daten sind alle Informationen, mit denen Sie pers\u00f6nlich identifiziert werden k\u00f6nnen.<\/p><p data-start=\"1040\" data-end=\"1338\">Wir verarbeiten Ihre Daten gem\u00e4\u00df den gesetzlichen Datenschutzvorschriften, insbesondere der DSGVO und des Bundesdatenschutzgesetzes (BDSG). Diese Datenschutzerkl\u00e4rung informiert Sie dar\u00fcber, <strong data-start=\"1231\" data-end=\"1247\">welche Daten<\/strong> wir erheben, <strong data-start=\"1261\" data-end=\"1281\">zu welchem Zweck<\/strong> und <strong data-start=\"1286\" data-end=\"1317\">auf welcher Rechtsgrundlage<\/strong> wir sie verarbeiten.<\/p><hr data-start=\"1340\" data-end=\"1343\" \/><h3 data-start=\"1345\" data-end=\"1383\">3. Datenerhebung und -verwendung<\/h3><h4 data-start=\"1385\" data-end=\"1414\">3.1 Besuch der Website<\/h4><p data-start=\"1415\" data-end=\"1598\">Beim Aufrufen dieser Website werden automatisch Informationen durch den Browser Ihres Endger\u00e4ts an den Server unserer Website gesendet.<br data-start=\"1550\" data-end=\"1553\" \/>Folgende Daten werden tempor\u00e4r gespeichert:<\/p><ul data-start=\"1599\" data-end=\"1809\"><li data-start=\"1599\" data-end=\"1636\"><p data-start=\"1601\" data-end=\"1636\">IP-Adresse des anfragenden Ger\u00e4ts<\/p><\/li><li data-start=\"1637\" data-end=\"1671\"><p data-start=\"1639\" data-end=\"1671\">Datum und Uhrzeit des Zugriffs<\/p><\/li><li data-start=\"1672\" data-end=\"1710\"><p data-start=\"1674\" data-end=\"1710\">Name und URL der abgerufenen Datei<\/p><\/li><li data-start=\"1711\" data-end=\"1766\"><p data-start=\"1713\" data-end=\"1766\">Website, von der der Zugriff erfolgt (Referrer-URL)<\/p><\/li><li data-start=\"1767\" data-end=\"1809\"><p data-start=\"1769\" data-end=\"1809\">verwendeter Browser und Betriebssystem<\/p><\/li><\/ul><p data-start=\"1811\" data-end=\"1944\"><strong data-start=\"1811\" data-end=\"1821\">Zweck:<\/strong> technische Bereitstellung und Stabilit\u00e4t der Website<br data-start=\"1874\" data-end=\"1877\" \/><strong data-start=\"1877\" data-end=\"1897\">Rechtsgrundlage:<\/strong> Art. 6 Abs. 1 f DSGVO (berechtigtes Interesse)<\/p><hr data-start=\"1946\" data-end=\"1949\" \/><h4 data-start=\"1951\" data-end=\"1991\">3.2 Eingesetzte Plugins und Tools<\/h4><p data-start=\"1763\" data-end=\"2004\"><strong data-start=\"1778\" data-end=\"1804\">WordPress &amp; Elementor:<\/strong><\/p><p data-start=\"1763\" data-end=\"2004\">Unsere Website wird mit WordPress und dem Plugin Elementor betrieben. Diese Tools k\u00f6nnen technisch notwendige Daten verarbeiten (z.\u202fB. IP-Adresse, Zeitstempel), um die Website korrekt auszuliefern.<\/p><p data-start=\"2006\" data-end=\"2254\"><strong data-start=\"2006\" data-end=\"2025\">TranslatePress:<\/strong><\/p><p data-start=\"2006\" data-end=\"2254\">Wird genutzt, um Inhalte in mehreren Sprachen darzustellen. Es k\u00f6nnen Cookies gespeichert werden, um die gew\u00e4hlte Sprache zu merken.<br data-start=\"2160\" data-end=\"2163\" \/><strong data-start=\"2163\" data-end=\"2183\">Rechtsgrundlage:<\/strong> Art. 6 Abs. 1 lit. f DSGVO (berechtigtes Interesse an der Nutzbarkeit)<\/p><p data-start=\"2256\" data-end=\"2421\"><strong data-start=\"2256\" data-end=\"2282\">The Newsletter Plugin:<\/strong><\/p><p data-start=\"2256\" data-end=\"2421\">Wenn Sie unseren Newsletter abonnieren, speichern wir Ihre E-Mail-Adresse und ggf. Ihren Namen, um Ihnen regelm\u00e4\u00dfig Updates zu senden.<\/p><ul data-start=\"2422\" data-end=\"2724\"><li data-start=\"2422\" data-end=\"2464\"><p data-start=\"2424\" data-end=\"2464\">Double-Opt-In Best\u00e4tigung erforderlich<\/p><\/li><li data-start=\"2465\" data-end=\"2518\"><p data-start=\"2467\" data-end=\"2518\">Einwilligung wird zur Nachweisf\u00fchrung gespeichert<\/p><\/li><li data-start=\"2519\" data-end=\"2724\"><p data-start=\"2521\" data-end=\"2724\">Sie k\u00f6nnen sich jederzeit \u00fcber den Link in jeder E-Mail abmelden<br data-start=\"2585\" data-end=\"2588\" \/><strong data-start=\"2588\" data-end=\"2608\">Rechtsgrundlage:<\/strong> Art. 6 Abs. 1 lit. a DSGVO (Einwilligung)<br data-start=\"2650\" data-end=\"2653\" \/><strong data-start=\"2653\" data-end=\"2671\">Speicherdauer:<\/strong> bis zur Abmeldung oder zum Widerruf der Einwilligung<\/p><\/li><\/ul><p><strong data-start=\"3187\" data-end=\"3229\">Independent Analytics (IndependentWP):<\/strong><\/p><p>Wir verwenden das Analyse-Plugin <em data-start=\"3265\" data-end=\"3288\">Independent Analytics<\/em> von <a class=\"decorated-link\" href=\"https:\/\/independentwp.com\/?utm_source=chatgpt.com\" target=\"_new\" rel=\"noopener\" data-start=\"3293\" data-end=\"3336\">IndependentWP<\/a>, um die Nutzung unserer Website auszuwerten.<br data-start=\"3381\" data-end=\"3384\" \/>Dieses WordPress-Plugin erstellt anonymisierte Statistiken (z. B. Anzahl der Besucher, aufgerufene Seiten, Herkunfts-Domain, Ger\u00e4tetyp, Land), um unser Online-Angebot zu verbessern.<br data-start=\"3565\" data-end=\"3568\" \/>Independent Analytics verwendet <strong data-start=\"3600\" data-end=\"3617\">keine Cookies<\/strong> und speichert <strong data-start=\"3632\" data-end=\"3665\">keine personenbezogenen Daten<\/strong> wie vollst\u00e4ndige IP-Adressen oder Nutzer-IDs.<br data-start=\"3711\" data-end=\"3714\" \/>Zur Wiedererkennung von Besuchen wird ein anonymer Hash-Wert (aus Teilen der IP-Adresse, Browsertyp und einem zuf\u00e4lligen \u201eSalt\u201c) erzeugt.<br data-start=\"3851\" data-end=\"3854\" \/>Alle Daten werden <strong data-start=\"3872\" data-end=\"3941\">ausschlie\u00dflich in unserer eigenen WordPress-Datenbank gespeichert<\/strong> und <strong data-start=\"3946\" data-end=\"3977\">nicht an Dritte \u00fcbermittelt<\/strong>.<br data-start=\"3978\" data-end=\"3981\" \/>Rechtsgrundlage: Art. 6 Abs. 1 lit. f DSGVO (berechtigtes Interesse an statistischer Analyse und Optimierung unseres Online-Angebots)<br data-start=\"4114\" data-end=\"4117\" \/>Speicherdauer: anonymisierte Analysedaten werden f\u00fcr <em data-start=\"4194\" data-end=\"4205\">24 Monate<\/em>\u00a0gespeichert und anschlie\u00dfend gel\u00f6scht oder weiter anonymisiert.<br data-start=\"4270\" data-end=\"4273\" data-is-only-node=\"\" \/>Weitere Informationen: <a class=\"decorated-link\" href=\"https:\/\/ind\" target=\"_new\" rel=\"noopener\" data-start=\"4296\" data-end=\"4361\" data-is-last-node=\"\">https:\/\/independentwp.com\/features\/gdpr-analytics\/<\/a><\/p><p data-start=\"2726\" data-end=\"3020\"><strong data-start=\"2726\" data-end=\"2775\">Consent-Management-Tool \u2013 Real Cookie Banner:<\/strong><\/p><p data-start=\"2726\" data-end=\"3020\">Zur Verwaltung der auf dieser Website eingesetzten Cookies und \u00e4hnlicher Technologien (Tracking-Pixel, Web Beacons etc.) sowie der damit verbundenen Einwilligungen nutzen wir das <strong data-start=\"2957\" data-end=\"2994\">Consent-Tool \u201eReal Cookie Banner\u201c<\/strong> der <strong data-start=\"2999\" data-end=\"3017\">devowl.io GmbH<\/strong>.<\/p><p data-start=\"3022\" data-end=\"3155\">Details zur Funktionsweise von \u201eReal Cookie Banner\u201c: <a class=\"decorated-link\" href=\"https:\/\/devowl.io\/rcb\/data-processing\/\" target=\"_new\" rel=\"noopener\" data-start=\"3075\" data-end=\"3155\">https:\/\/devowl.io\/rcb\/data-processing\/<\/a><\/p><p data-start=\"3157\" data-end=\"3372\"><strong data-start=\"3157\" data-end=\"3177\">Rechtsgrundlage:<\/strong> Art. 6 Abs. 1 lit. c DSGVO (Erf\u00fcllung gesetzlicher Verpflichtung zur Einholung von Einwilligungen) und Art. 6 Abs. 1 lit. f DSGVO (berechtigtes Interesse an der Verwaltung der Einwilligungen).<\/p><p data-start=\"3374\" data-end=\"3549\">Die Bereitstellung personenbezogener Daten ist weder gesetzlich noch vertraglich vorgeschrieben; ohne diese Daten k\u00f6nnen wir jedoch Ihre Cookie-Einwilligungen nicht verwalten.<\/p><hr data-start=\"2962\" data-end=\"2965\" \/><h3 data-start=\"2967\" data-end=\"2996\">4. Weitergabe von Daten<\/h3><p data-start=\"2997\" data-end=\"3067\">Eine Weitergabe Ihrer personenbezogenen Daten an Dritte erfolgt nur,<\/p><ul data-start=\"3068\" data-end=\"3277\"><li data-start=\"3068\" data-end=\"3124\"><p data-start=\"3070\" data-end=\"3124\">wenn Sie eingewilligt haben (Art. 6 Abs. 1 a DSGVO),<\/p><\/li><li data-start=\"3125\" data-end=\"3207\"><p data-start=\"3127\" data-end=\"3207\">wenn dies zur Vertragserf\u00fcllung erforderlich ist (Art. 6 Abs. 1 b DSGVO), oder<\/p><\/li><li data-start=\"3208\" data-end=\"3277\"><p data-start=\"3210\" data-end=\"3277\">wenn wir gesetzlich dazu verpflichtet sind (Art. 6 Abs. 1 c DSGVO).<\/p><\/li><\/ul><hr data-start=\"3279\" data-end=\"3282\" \/><h3 data-start=\"3284\" data-end=\"3300\">5. Cookies<\/h3><p data-start=\"4548\" data-end=\"4878\">Wir verwenden Cookies, um unsere Website benutzerfreundlich und effizient zu gestalten. Sie k\u00f6nnen in Ihrem Browser festlegen, dass Cookies blockiert oder gel\u00f6scht werden.<br data-start=\"4734\" data-end=\"4737\" \/><strong data-start=\"4737\" data-end=\"4757\">Rechtsgrundlage:<\/strong> Art. 6 Abs. 1 lit. a DSGVO (Einwilligung) oder Art. 6 Abs. 1 lit. f DSGVO (berechtigtes Interesse an der Funktionalit\u00e4t)<\/p><p data-start=\"4880\" data-end=\"5174\"><strong data-start=\"4880\" data-end=\"4929\">Consent-Management-Tool \u2013 Real Cookie Banner:<\/strong><br data-start=\"4929\" data-end=\"4932\" \/>Zur Verwaltung der auf dieser Website eingesetzten Cookies und \u00e4hnlicher Technologien (Tracking-Pixel, Web Beacons etc.) sowie der damit verbundenen Einwilligungen nutzen wir das <strong data-start=\"5111\" data-end=\"5148\">Consent-Tool \u201eReal Cookie Banner\u201c<\/strong> der <strong data-start=\"5153\" data-end=\"5171\">devowl.io GmbH<\/strong>.<\/p><p data-start=\"5176\" data-end=\"5309\">Details zur Funktionsweise von \u201eReal Cookie Banner\u201c: <a class=\"decorated-link\" href=\"https:\/\/devowl.io\/rcb\/data-processing\/\" target=\"_new\" rel=\"noopener\" data-start=\"5229\" data-end=\"5309\">https:\/\/devowl.io\/rcb\/data-processing\/<\/a><\/p><p data-start=\"5311\" data-end=\"5526\"><strong data-start=\"5311\" data-end=\"5331\">Rechtsgrundlage:<\/strong> Art. 6 Abs. 1 lit. c DSGVO (Erf\u00fcllung gesetzlicher Verpflichtung zur Einholung von Einwilligungen) und Art. 6 Abs. 1 lit. f DSGVO (berechtigtes Interesse an der Verwaltung der Einwilligungen).<\/p><p data-start=\"5528\" data-end=\"5703\">Die Bereitstellung personenbezogener Daten ist weder gesetzlich noch vertraglich vorgeschrieben; ohne diese Daten k\u00f6nnen wir jedoch Ihre Cookie-Einwilligungen nicht verwalten.<\/p><hr data-start=\"3612\" data-end=\"3615\" \/><h3 data-start=\"3617\" data-end=\"3637\">6. Ihre Rechte<\/h3><p data-start=\"3638\" data-end=\"3666\">Sie haben folgende Rechte:<\/p><ul data-start=\"3667\" data-end=\"4136\"><li data-start=\"3667\" data-end=\"3729\"><p data-start=\"3669\" data-end=\"3729\"><strong data-start=\"3669\" data-end=\"3681\">Auskunft<\/strong> \u00fcber Ihre gespeicherten Daten (Art. 15 DSGVO)<\/p><\/li><li data-start=\"3730\" data-end=\"3784\"><p data-start=\"3732\" data-end=\"3784\"><strong data-start=\"3732\" data-end=\"3748\">Berichtigung<\/strong> unrichtiger Daten (Art. 16 DSGVO)<\/p><\/li><li data-start=\"3785\" data-end=\"3846\"><p data-start=\"3787\" data-end=\"3846\"><strong data-start=\"3787\" data-end=\"3799\">L\u00f6schung<\/strong> (\u201eRecht auf Vergessenwerden\u201c, Art. 17 DSGVO)<\/p><\/li><li data-start=\"3847\" data-end=\"3901\"><p data-start=\"3849\" data-end=\"3901\"><strong data-start=\"3849\" data-end=\"3866\">Einschr\u00e4nkung<\/strong> der Verarbeitung (Art. 18 DSGVO)<\/p><\/li><li data-start=\"3902\" data-end=\"3946\"><p data-start=\"3904\" data-end=\"3946\"><strong data-start=\"3904\" data-end=\"3928\">Daten\u00fcbertragbarkeit<\/strong> (Art. 20 DSGVO)<\/p><\/li><li data-start=\"3947\" data-end=\"4011\"><p data-start=\"3949\" data-end=\"4011\"><strong data-start=\"3949\" data-end=\"3970\">Widerspruchsrecht<\/strong> gegen die Verarbeitung (Art. 21 DSGVO)<\/p><\/li><li data-start=\"4012\" data-end=\"4069\"><p data-start=\"4014\" data-end=\"4069\"><strong data-start=\"4014\" data-end=\"4045\">Widerruf einer Einwilligung<\/strong> (Art. 7 Abs. 3 DSGVO)<\/p><\/li><li data-start=\"4070\" data-end=\"4136\"><p data-start=\"4072\" data-end=\"4136\"><strong data-start=\"4072\" data-end=\"4091\">Beschwerderecht<\/strong> bei einer Datenschutzbeh\u00f6rde (Art. 77 DSGVO)<\/p><\/li><\/ul><hr data-start=\"4138\" data-end=\"4141\" \/><h3 data-start=\"4143\" data-end=\"4167\">7. Datensicherheit<\/h3><p data-start=\"4168\" data-end=\"4337\">Wir setzen technische und organisatorische Ma\u00dfnahmen ein, um Ihre Daten vor unbefugtem Zugriff oder Verlust zu sch\u00fctzen. Diese werden regelm\u00e4\u00dfig \u00fcberpr\u00fcft und angepasst.<\/p><hr data-start=\"4339\" data-end=\"4342\" \/><h3 data-start=\"4344\" data-end=\"4363\">8. Aktualit\u00e4t<\/h3><p data-start=\"4364\" data-end=\"4506\">Diese Datenschutzerkl\u00e4rung ist aktuell g\u00fcltig. Wir behalten uns vor, sie bei \u00c4nderungen unserer Dienste oder gesetzlichen Vorgaben anzupassen.<\/p><div>(Stand 26.10.2025)<\/div><div>\u00a0<\/div><div>\u00a0<\/div><div>\u00a0<\/div><div>\u00a0<\/div><div>\u00a0<\/div><div>\u00a0<\/div><div>\u00a0<\/div><div>\u00a0<\/div><div>\u00a0<\/div><div>\u00a0<\/div>\t\t\t\t\t\t\t\t<\/div>\n\t\t\t\t<\/div>\n\t\t\t\t\t<\/div>\n\t\t\t\t<\/div>\n\t\t\t\t<\/div>","protected":false},"excerpt":{"rendered":"<p>Datenschutzerkl\u00e4rung 1. Verantwortliche Stelle Verantwortlich f\u00fcr die Datenverarbeitung auf dieser Website im Sinne der Datenschutz-Grundverordnung (DSGVO) ist: Sarah Eva WalkRuschgraben 36, 76139 KarlsruheE-Mail: info@sarahevawalk.com 2. Allgemeines zur Datenverarbeitung Wir nehmen den Schutz Ihrer personenbezogenen Daten sehr ernst. Personenbezogene Daten sind alle Informationen, mit denen Sie pers\u00f6nlich identifiziert werden k\u00f6nnen. Wir verarbeiten Ihre Daten gem\u00e4\u00df den [&hellip;]<\/p>\n","protected":false},"author":1,"featured_media":0,"parent":0,"menu_order":0,"comment_status":"closed","ping_status":"open","template":"","meta":{"_acf_changed":false,"iawp_total_views":1,"footnotes":""},"class_list":["post-3","page","type-page","status-publish","hentry"],"acf":[],"_links":{"self":[{"href":"https:\/\/sarahevawalk.com\/de\/wp-json\/wp\/v2\/pages\/3","targetHints":{"allow":["GET"]}}],"collection":[{"href":"https:\/\/sarahevawalk.com\/de\/wp-json\/wp\/v2\/pages"}],"about":[{"href":"https:\/\/sarahevawalk.com\/de\/wp-json\/wp\/v2\/types\/page"}],"author":[{"embeddable":true,"href":"https:\/\/sarahevawalk.com\/de\/wp-json\/wp\/v2\/users\/1"}],"replies":[{"embeddable":true,"href":"https:\/\/sarahevawalk.com\/de\/wp-json\/wp\/v2\/comments?post=3"}],"version-history":[{"count":21,"href":"https:\/\/sarahevawalk.com\/de\/wp-json\/wp\/v2\/pages\/3\/revisions"}],"predecessor-version":[{"id":740,"href":"https:\/\/sarahevawalk.com\/de\/wp-json\/wp\/v2\/pages\/3\/revisions\/740"}],"wp:attachment":[{"href":"https:\/\/sarahevawalk.com\/de\/wp-json\/wp\/v2\/media?parent=3"}],"curies":[{"name":"wp","href":"https:\/\/api.w.org\/{rel}","templated":true}]}}