{"id":688,"date":"2025-10-20T19:05:16","date_gmt":"2025-10-20T17:05:16","guid":{"rendered":"https:\/\/sarahevawalk.com\/?page_id=688"},"modified":"2025-10-20T19:08:51","modified_gmt":"2025-10-20T17:08:51","slug":"imprint","status":"publish","type":"page","link":"https:\/\/sarahevawalk.com\/de\/imprint\/","title":{"rendered":"Impressum"},"content":{"rendered":"<div data-elementor-type=\"wp-page\" data-elementor-id=\"688\" class=\"elementor elementor-688\">\n\t\t\t\t<div class=\"elementor-element elementor-element-d22020b mwidth e-flex e-con-boxed e-con e-parent\" data-id=\"d22020b\" data-element_type=\"container\" data-e-type=\"container\" data-no-translation=\"\">\n\t\t\t\t\t<div class=\"e-con-inner\">\n\t\t\t\t<div class=\"elementor-element elementor-element-a986a88 elementor-widget elementor-widget-heading\" data-id=\"a986a88\" data-element_type=\"widget\" data-e-type=\"widget\" data-widget_type=\"heading.default\">\n\t\t\t\t<div class=\"elementor-widget-container\">\n\t\t\t\t\t<h2 class=\"elementor-heading-title elementor-size-default\">Impressum<\/h2>\t\t\t\t<\/div>\n\t\t\t\t<\/div>\n\t\t\t\t<div class=\"elementor-element elementor-element-9054daa elementor-widget elementor-widget-text-editor\" data-id=\"9054daa\" data-element_type=\"widget\" data-e-type=\"widget\" data-widget_type=\"text-editor.default\">\n\t\t\t\t<div class=\"elementor-widget-container\">\n\t\t\t\t\t\t\t\t\t<h3 data-start=\"2141\" data-end=\"2201\">Angaben gem. \u00a7 5 des DDG:<\/h3><p data-start=\"2203\" data-end=\"2398\"><strong data-start=\"2203\" data-end=\"2221\">Sarah Eva Walk<\/strong><br data-start=\"2221\" data-end=\"2224\" \/>Ruschgraben 36, 76139 Karlsruhe<br data-start=\"2298\" data-end=\"2301\" \/>E-Mail: info@sarahevawalk.com<br data-start=\"2334\" data-end=\"2337\" \/>Website: <a class=\"decorated-link\" href=\"https:\/\/sarahevawalk.com?utm_source=chatgpt.com\" target=\"_new\" rel=\"noopener\" data-start=\"2346\" data-end=\"2398\">https:\/\/sarahevawalk.com<\/a><\/p><p data-start=\"2486\" data-end=\"2580\">Verantwortlich f\u00fcr den Inhalt nach \u00a7 18 Abs. 2 MStV:<br data-start=\"2538\" data-end=\"2541\" \/><strong data-start=\"2541\" data-end=\"2559\">Sarah Eva Walk<\/strong>, Ruschgraben 36, 76139 Karlsruhe<\/p><hr data-start=\"2582\" data-end=\"2585\" \/><h3 data-start=\"2587\" data-end=\"2626\"><strong data-start=\"2591\" data-end=\"2626\">Haftungsausschluss \/ Disclaimer<\/strong><\/h3><p data-start=\"2628\" data-end=\"2828\"><strong data-start=\"2628\" data-end=\"2651\">Haftung f\u00fcr Inhalte<\/strong><br data-start=\"2651\" data-end=\"2654\" \/>Die Inhalte dieser Website wurden mit gr\u00f6\u00dfter Sorgfalt erstellt. F\u00fcr die Richtigkeit, Vollst\u00e4ndigkeit und Aktualit\u00e4t der Inhalte kann jedoch keine Gew\u00e4hr \u00fcbernommen werden.<\/p><p data-start=\"2830\" data-end=\"3124\"><strong data-start=\"2830\" data-end=\"2851\">Haftung f\u00fcr Links<\/strong><br data-start=\"2851\" data-end=\"2854\" \/>Diese Website enth\u00e4lt Links zu externen Websites Dritter, auf deren Inhalte kein Einfluss besteht. Daher kann f\u00fcr diese fremden Inhalte keine Haftung \u00fcbernommen werden. F\u00fcr die Inhalte der verlinkten Seiten ist stets der jeweilige Anbieter oder Betreiber verantwortlich.<\/p><p data-start=\"3126\" data-end=\"3502\"><strong data-start=\"3126\" data-end=\"3142\">Urheberrecht<\/strong><br data-start=\"3142\" data-end=\"3145\" \/>Die durch die Seitenbetreiber erstellten Inhalte und Werke auf diesen Seiten unterliegen dem deutschen Urheberrecht. Beitr\u00e4ge Dritter sind als solche gekennzeichnet. Die Vervielf\u00e4ltigung, Bearbeitung, Verbreitung und jede Art der Verwertung au\u00dferhalb der Grenzen des Urheberrechts bed\u00fcrfen der schriftlichen Zustimmung des jeweiligen Autors oder Erstellers.<\/p><div><hr data-start=\"1847\" data-end=\"1850\" \/><h3 data-start=\"1852\" data-end=\"1903\"><strong data-start=\"1856\" data-end=\"1903\">Online-Streitbeilegung \/ Dispute Resolution<\/strong><\/h3><p data-start=\"1905\" data-end=\"2072\">Die Europ\u00e4ische Kommission stellt eine Plattform zur Online-Streitbeilegung (OS) bereit:<br data-start=\"1993\" data-end=\"1996\" \/><a class=\"decorated-link\" href=\"https:\/\/ec.europa.eu\/consumers\/odr\/\" target=\"_new\" rel=\"noopener\" data-start=\"1996\" data-end=\"2070\">https:\/\/ec.europa.eu\/consumers\/odr\/<\/a><\/p><p data-start=\"2074\" data-end=\"2197\">Zur Teilnahme an einem Streitbeilegungsverfahren vor einer Verbraucherschlichtungsstelle sind wir nicht verpflichtet und nicht bereit.<\/p><\/div><div>\u00a0<\/div><div>\u00a0<\/div><div>\u00a0<\/div><div>\u00a0<\/div><div>\u00a0<\/div><div>\u00a0<\/div>\t\t\t\t\t\t\t\t<\/div>\n\t\t\t\t<\/div>\n\t\t\t\t\t<\/div>\n\t\t\t\t<\/div>\n\t\t\t\t<\/div>","protected":false},"excerpt":{"rendered":"<p>Impressum Angaben gem. \u00a7 5 des DDG: Sarah Eva WalkRuschgraben 36, 76139 KarlsruheE-Mail: info@sarahevawalk.comWebsite: https:\/\/sarahevawalk.com Verantwortlich f\u00fcr den Inhalt nach \u00a7 18 Abs. 2 MStV:Sarah Eva Walk, Ruschgraben 36, 76139 Karlsruhe Haftungsausschluss \/ Disclaimer Haftung f\u00fcr InhalteDie Inhalte dieser Website wurden mit gr\u00f6\u00dfter Sorgfalt erstellt. F\u00fcr die Richtigkeit, Vollst\u00e4ndigkeit und Aktualit\u00e4t der Inhalte kann jedoch [&hellip;]<\/p>\n","protected":false},"author":1,"featured_media":0,"parent":0,"menu_order":0,"comment_status":"closed","ping_status":"closed","template":"","meta":{"_acf_changed":false,"iawp_total_views":15,"footnotes":""},"class_list":["post-688","page","type-page","status-publish","hentry"],"acf":[],"_links":{"self":[{"href":"https:\/\/sarahevawalk.com\/de\/wp-json\/wp\/v2\/pages\/688","targetHints":{"allow":["GET"]}}],"collection":[{"href":"https:\/\/sarahevawalk.com\/de\/wp-json\/wp\/v2\/pages"}],"about":[{"href":"https:\/\/sarahevawalk.com\/de\/wp-json\/wp\/v2\/types\/page"}],"author":[{"embeddable":true,"href":"https:\/\/sarahevawalk.com\/de\/wp-json\/wp\/v2\/users\/1"}],"replies":[{"embeddable":true,"href":"https:\/\/sarahevawalk.com\/de\/wp-json\/wp\/v2\/comments?post=688"}],"version-history":[{"count":4,"href":"https:\/\/sarahevawalk.com\/de\/wp-json\/wp\/v2\/pages\/688\/revisions"}],"predecessor-version":[{"id":692,"href":"https:\/\/sarahevawalk.com\/de\/wp-json\/wp\/v2\/pages\/688\/revisions\/692"}],"wp:attachment":[{"href":"https:\/\/sarahevawalk.com\/de\/wp-json\/wp\/v2\/media?parent=688"}],"curies":[{"name":"wp","href":"https:\/\/api.w.org\/{rel}","templated":true}]}}